{"id":5785,"date":"2023-12-29T11:21:01","date_gmt":"2023-12-29T10:21:01","guid":{"rendered":"http:\/\/galicianoffshoreinterhub.com\/previous-editions\/"},"modified":"2026-03-26T09:54:52","modified_gmt":"2026-03-26T08:54:52","slug":"previous-editions","status":"publish","type":"page","link":"https:\/\/galicianoffshoreinterhub.com\/en\/previous-editions\/","title":{"rendered":"Previous editions"},"content":{"rendered":"\t\t<div data-elementor-type=\"wp-page\" data-elementor-id=\"5785\" class=\"elementor elementor-5785 elementor-1436\" data-elementor-post-type=\"page\">\n\t\t\t\t<div class=\"elementor-element elementor-element-873ec98 e-flex e-con-boxed e-con e-parent\" data-id=\"873ec98\" data-element_type=\"container\" data-e-type=\"container\" data-settings=\"{&quot;background_background&quot;:&quot;classic&quot;,&quot;background_motion_fx_motion_fx_scrolling&quot;:&quot;yes&quot;,&quot;background_motion_fx_translateY_effect&quot;:&quot;yes&quot;,&quot;background_motion_fx_translateY_speed&quot;:{&quot;unit&quot;:&quot;px&quot;,&quot;size&quot;:4,&quot;sizes&quot;:[]},&quot;background_motion_fx_translateY_affectedRange&quot;:{&quot;unit&quot;:&quot;%&quot;,&quot;size&quot;:&quot;&quot;,&quot;sizes&quot;:{&quot;start&quot;:0,&quot;end&quot;:100}},&quot;background_motion_fx_devices&quot;:[&quot;desktop&quot;,&quot;laptop&quot;,&quot;tablet&quot;,&quot;mobile&quot;]}\">\n\t\t\t\t\t<div class=\"e-con-inner\">\n\t\t<div class=\"elementor-element elementor-element-acc6a64 e-con-full e-flex e-con e-child\" data-id=\"acc6a64\" data-element_type=\"container\" data-e-type=\"container\">\n\t\t\t\t<div class=\"elementor-element elementor-element-8ebe37e elementor-widget elementor-widget-heading\" data-id=\"8ebe37e\" data-element_type=\"widget\" data-e-type=\"widget\" data-widget_type=\"heading.default\">\n\t\t\t\t<div class=\"elementor-widget-container\">\n\t\t\t\t\t<h1 class=\"elementor-heading-title elementor-size-default\">Previous editions<\/h1>\t\t\t\t<\/div>\n\t\t\t\t<\/div>\n\t\t\t\t<\/div>\n\t\t\t\t\t<\/div>\n\t\t\t\t<\/div>\n\t\t<div class=\"elementor-element elementor-element-194a498 e-flex e-con-boxed e-con e-parent\" data-id=\"194a498\" data-element_type=\"container\" data-e-type=\"container\">\n\t\t\t\t\t<div class=\"e-con-inner\">\n\t\t<div class=\"elementor-element elementor-element-4c790e0 e-flex e-con-boxed e-con e-child\" data-id=\"4c790e0\" data-element_type=\"container\" data-e-type=\"container\">\n\t\t\t\t\t<div class=\"e-con-inner\">\n\t\t\t\t<div class=\"elementor-element elementor-element-041bc9c elementor-grid-2 elementor-grid-tablet-1 elementor-grid-mobile-1 elementor-widget elementor-widget-loop-grid\" data-id=\"041bc9c\" data-element_type=\"widget\" data-e-type=\"widget\" data-settings=\"{&quot;template_id&quot;:1861,&quot;columns&quot;:2,&quot;columns_tablet&quot;:1,&quot;_skin&quot;:&quot;post&quot;,&quot;columns_mobile&quot;:&quot;1&quot;,&quot;edit_handle_selector&quot;:&quot;[data-elementor-type=\\&quot;loop-item\\&quot;]&quot;,&quot;row_gap&quot;:{&quot;unit&quot;:&quot;px&quot;,&quot;size&quot;:&quot;&quot;,&quot;sizes&quot;:[]},&quot;row_gap_laptop&quot;:{&quot;unit&quot;:&quot;px&quot;,&quot;size&quot;:&quot;&quot;,&quot;sizes&quot;:[]},&quot;row_gap_tablet&quot;:{&quot;unit&quot;:&quot;px&quot;,&quot;size&quot;:&quot;&quot;,&quot;sizes&quot;:[]},&quot;row_gap_mobile&quot;:{&quot;unit&quot;:&quot;px&quot;,&quot;size&quot;:&quot;&quot;,&quot;sizes&quot;:[]}}\" data-widget_type=\"loop-grid.post\">\n\t\t\t\t<div class=\"elementor-widget-container\">\n\t\t\t\t\t\t\t<div class=\"elementor-loop-container elementor-grid\" role=\"list\">\n\t\t<style id=\"loop-1861\">.elementor-1861 .elementor-element.elementor-element-21943f1{--display:flex;--flex-direction:column;--container-widget-width:100%;--container-widget-height:initial;--container-widget-flex-grow:0;--container-widget-align-self:initial;--flex-wrap-mobile:wrap;--border-radius:10px 10px 10px 10px;box-shadow:0px 4px 10px 0px rgba(0, 0, 0, 0.1);--padding-top:2rem;--padding-bottom:2rem;--padding-left:2rem;--padding-right:2rem;}.elementor-1861 .elementor-element.elementor-element-21943f1:hover{box-shadow:0px 15px 38px 0px rgba(0, 0, 0, 0.1);}.elementor-widget-heading .elementor-heading-title{font-family:var( --e-global-typography-primary-font-family ), Sans-serif;font-weight:var( --e-global-typography-primary-font-weight );color:var( --e-global-color-primary );}.elementor-1861 .elementor-element.elementor-element-5a4d447{text-align:start;}.elementor-1861 .elementor-element.elementor-element-5a4d447 .elementor-heading-title{font-size:3rem;font-weight:800;line-height:1em;color:var( --e-global-color-primary );}.elementor-widget-theme-post-content{color:var( --e-global-color-text );font-family:var( --e-global-typography-text-font-family ), Sans-serif;font-weight:var( --e-global-typography-text-font-weight );}.elementor-1861 .elementor-element.elementor-element-aca6b7e{font-family:\"Montserrat\", Sans-serif;font-size:1.4rem;font-weight:400;}.elementor-widget-button .elementor-button{font-family:var( --e-global-typography-accent-font-family ), Sans-serif;font-weight:var( --e-global-typography-accent-font-weight );background-color:var( --e-global-color-accent );}.elementor-1861 .elementor-element.elementor-element-1cb0164 .elementor-button{font-family:\"Montserrat\", Sans-serif;font-size:1.6rem;font-weight:800;fill:var( --e-global-color-primary );color:var( --e-global-color-primary );background-color:#E6AB1D00;padding:0px 0px 0px 0px;}.elementor-1861 .elementor-element.elementor-element-f842753{--display:flex;--position:absolute;top:0px;--z-index:2;}body:not(.rtl) .elementor-1861 .elementor-element.elementor-element-f842753{left:0px;}body.rtl .elementor-1861 .elementor-element.elementor-element-f842753{right:0px;}@media(max-width:1366px){.elementor-1861 .elementor-element.elementor-element-5a4d447 .elementor-heading-title{font-size:3rem;}}@media(max-width:1024px){.elementor-1861 .elementor-element.elementor-element-5a4d447 .elementor-heading-title{font-size:2.2rem;}}@media(max-width:767px){.elementor-1861 .elementor-element.elementor-element-5a4d447 .elementor-heading-title{font-size:1.8rem;}}\/* Start custom CSS for heading, class: .elementor-element-5a4d447 *\/.elementor-1861 .elementor-element.elementor-element-5a4d447{\n    position: relative;\n    z-index: 1;\n    &::after{\n        content: \"\";\n        position: absolute;\n        display: block;\n        width: 100%;\n        height: 26px;\n        background:#E3E3E396;\n        bottom: 0;\n        z-index: -1;\n    }\n    \n    span{\n        color: #E3A407;\n    }\n}\/* End custom CSS *\/\n\/* Start custom CSS for theme-post-content, class: .elementor-element-aca6b7e *\/.elementor-1861 .elementor-element.elementor-element-aca6b7e{\n    display: -webkit-box;\n            -webkit-line-clamp: 4;\n            -webkit-box-orient: vertical;\n            overflow: hidden;\n}\/* End custom CSS *\/\n\/* Start custom CSS for button, class: .elementor-element-1cb0164 *\/.elementor-1861 .elementor-element.elementor-element-1cb0164{\n    margin-top:auto ;\n}\/* End custom CSS *\/\n\/* Start custom CSS for container, class: .elementor-element-f842753 *\/.elementor-1861 .elementor-element.elementor-element-f842753{\n    height: 100%;\n}\/* End custom CSS *\/\n\/* Start custom CSS for container, class: .elementor-element-21943f1 *\/.elementor-1861 .elementor-element.elementor-element-21943f1{\n    &:hover{\n        a{\n            text-decoration: underline;\n        }\n    }\n}\/* End custom CSS *\/<\/style>\t\t<div data-elementor-type=\"loop-item\" data-elementor-id=\"1861\" class=\"elementor elementor-1861 elementor-1557 elementor-1557 e-loop-item e-loop-item-2583 post-2583 previous-edition type-previous-edition status-publish hentry\" data-elementor-post-type=\"elementor_library\" data-custom-edit-handle=\"1\">\n\t\t\t<div class=\"elementor-element elementor-element-21943f1 e-flex e-con-boxed e-con e-parent\" data-id=\"21943f1\" data-element_type=\"container\" data-e-type=\"container\">\n\t\t\t\t\t<div class=\"e-con-inner\">\n\t\t\t\t<div class=\"elementor-element elementor-element-5a4d447 obs-title-span elementor-widget elementor-widget-heading\" data-id=\"5a4d447\" data-element_type=\"widget\" data-e-type=\"widget\" data-widget_type=\"heading.default\">\n\t\t\t\t<div class=\"elementor-widget-container\">\n\t\t\t\t\t<h1 class=\"elementor-heading-title elementor-size-default\">VI EXAMPLE CONGRESS<\/h1>\t\t\t\t<\/div>\n\t\t\t\t<\/div>\n\t\t\t\t<div class=\"elementor-element elementor-element-aca6b7e elementor-widget elementor-widget-theme-post-content\" data-id=\"aca6b7e\" data-element_type=\"widget\" data-e-type=\"widget\" data-widget_type=\"theme-post-content.default\">\n\t\t\t\t<div class=\"elementor-widget-container\">\n\t\t\t\t\t<p>Lorem ipsum dolor sit amet consectetur adipisicing elit. Dolorum minus debitis rem provident accusantium ipsa iste quos nobis, dicta error eos recusandae? Est, ratione. Voluptatem cum iste qui velit nam?   <\/p>\n<p>Deleniti quos mollitia blanditiis. Recusandae ex deserunt facilis nihil repudiandae fugiat, repellendus excepturi dolores natus aspernatur ratione laborum incidunt asperiores doloribus neque mollitia autem commodi architecto dolorum maiores corrupti? Ad.  <\/p>\n<p>Quisquam iste cumque quia porro, eum vel quas velit ab modi perspiciatis voluptatibus maiores iusto nobis doloribus exercitationem, autem amet? Eum magnam numquam nostrum neque maiores illo voluptatibus aut nulla. <\/p>\n<p>Delectus impedit adipisci suscipit inventore animi! Nobis eos assumenda illo, voluptas aliquid minus blanditiis dolorum adipisci quo quisquam ullam praesentium? Maxime esse deserunt quod laborum? Vel corrupti facilis necessitatibus fuga?   <\/p>\n<p>Quod provident unde laudantium voluptatum in aliquam culpa exercitationem animi obcaecati autem velit molestias et sint cupiditate, optio repudiandae assumenda illum voluptas reiciendis error veritatis aliquid corrupti facilis? Vero, suscipit! <\/p>\n\t\t\t\t<\/div>\n\t\t\t\t<\/div>\n\t\t\t\t<div class=\"elementor-element elementor-element-1cb0164 elementor-widget elementor-widget-button\" data-id=\"1cb0164\" data-element_type=\"widget\" data-e-type=\"widget\" data-widget_type=\"button.default\">\n\t\t\t\t<div class=\"elementor-widget-container\">\n\t\t\t\t\t\t\t\t\t<div class=\"elementor-button-wrapper\">\n\t\t\t\t\t<a class=\"elementor-button elementor-button-link elementor-size-sm\" href=\"https:\/\/galicianoffshoreinterhub.com\/en\/previous-edition\/vi-international-aerospace-congress-ciag-13-and-14-june-2024\/\">\n\t\t\t\t\t\t<span class=\"elementor-button-content-wrapper\">\n\t\t\t\t\t\t\t\t\t<span class=\"elementor-button-text\">See full summary<\/span>\n\t\t\t\t\t<\/span>\n\t\t\t\t\t<\/a>\n\t\t\t\t<\/div>\n\t\t\t\t\t\t\t\t<\/div>\n\t\t\t\t<\/div>\n\t\t<a class=\"elementor-element elementor-element-f842753 e-con-full e-flex e-con e-child\" data-id=\"f842753\" data-element_type=\"container\" data-e-type=\"container\" data-settings=\"{&quot;position&quot;:&quot;absolute&quot;}\" href=\"https:\/\/galicianoffshoreinterhub.com\/en\/previous-edition\/vi-international-aerospace-congress-ciag-13-and-14-june-2024\/\">\n\t\t\t\t<\/a>\n\t\t\t\t\t<\/div>\n\t\t\t\t<\/div>\n\t\t\t\t<\/div>\n\t\t\t\t<div data-elementor-type=\"loop-item\" data-elementor-id=\"1861\" class=\"elementor elementor-1861 elementor-1557 elementor-1557 e-loop-item e-loop-item-5793 post-5793 previous-edition type-previous-edition status-publish hentry edition-2024-en\" data-elementor-post-type=\"elementor_library\" data-custom-edit-handle=\"1\">\n\t\t\t<div class=\"elementor-element elementor-element-21943f1 e-flex e-con-boxed e-con e-parent\" data-id=\"21943f1\" data-element_type=\"container\" data-e-type=\"container\">\n\t\t\t\t\t<div class=\"e-con-inner\">\n\t\t\t\t<div class=\"elementor-element elementor-element-5a4d447 obs-title-span elementor-widget elementor-widget-heading\" data-id=\"5a4d447\" data-element_type=\"widget\" data-e-type=\"widget\" data-widget_type=\"heading.default\">\n\t\t\t\t<div class=\"elementor-widget-container\">\n\t\t\t\t\t<h1 class=\"elementor-heading-title elementor-size-default\">Summary of the 2024 edition<\/h1>\t\t\t\t<\/div>\n\t\t\t\t<\/div>\n\t\t\t\t<div class=\"elementor-element elementor-element-aca6b7e elementor-widget elementor-widget-theme-post-content\" data-id=\"aca6b7e\" data-element_type=\"widget\" data-e-type=\"widget\" data-widget_type=\"theme-post-content.default\">\n\t\t\t\t<div class=\"elementor-widget-container\">\n\t\t\t\t\t<p>GoInterHub (Galician Offshore International Hub) is an event that cements Ferrol\u2019s position as one of the leading forums for knowledge and outreach in the offshore wind sector. It has already established itself as one of the sector\u2019s key international events, bringing representatives from the market\u2019s leading players to Ferrol and attracting more than 400 companies and professionals at each edition. <\/p>\n<p>The main aim of the event is to highlight the enormous growth potential of the offshore wind market, the progress this industry is making in Galicia, and the benefits it can bring in areas such as job creation.<\/p>\n<p>The Galician Offshore International Hub aims to raise awareness of the industry\u2019s development in the coming years and the business opportunities it presents for the Galician metal sector, as well as to promote the offshore industry globally and help create a more innovative\u2014and therefore more competitive\u2014Galicia for the entire sector in the future.<\/p>\n\t\t\t\t<\/div>\n\t\t\t\t<\/div>\n\t\t\t\t<div class=\"elementor-element elementor-element-1cb0164 elementor-widget elementor-widget-button\" data-id=\"1cb0164\" data-element_type=\"widget\" data-e-type=\"widget\" data-widget_type=\"button.default\">\n\t\t\t\t<div class=\"elementor-widget-container\">\n\t\t\t\t\t\t\t\t\t<div class=\"elementor-button-wrapper\">\n\t\t\t\t\t<a class=\"elementor-button elementor-button-link elementor-size-sm\" href=\"https:\/\/galicianoffshoreinterhub.com\/en\/previous-edition\/summary-of-the-2024-edition\/\">\n\t\t\t\t\t\t<span class=\"elementor-button-content-wrapper\">\n\t\t\t\t\t\t\t\t\t<span class=\"elementor-button-text\">See full summary<\/span>\n\t\t\t\t\t<\/span>\n\t\t\t\t\t<\/a>\n\t\t\t\t<\/div>\n\t\t\t\t\t\t\t\t<\/div>\n\t\t\t\t<\/div>\n\t\t<a class=\"elementor-element elementor-element-f842753 e-con-full e-flex e-con e-child\" data-id=\"f842753\" data-element_type=\"container\" data-e-type=\"container\" data-settings=\"{&quot;position&quot;:&quot;absolute&quot;}\" href=\"https:\/\/galicianoffshoreinterhub.com\/en\/previous-edition\/summary-of-the-2024-edition\/\">\n\t\t\t\t<\/a>\n\t\t\t\t\t<\/div>\n\t\t\t\t<\/div>\n\t\t\t\t<\/div>\n\t\t\t\t<div data-elementor-type=\"loop-item\" data-elementor-id=\"1861\" class=\"elementor elementor-1861 elementor-1557 elementor-1557 e-loop-item e-loop-item-4081 post-4081 previous-edition type-previous-edition status-publish hentry edition-2023-en\" data-elementor-post-type=\"elementor_library\" data-custom-edit-handle=\"1\">\n\t\t\t<div class=\"elementor-element elementor-element-21943f1 e-flex e-con-boxed e-con e-parent\" data-id=\"21943f1\" data-element_type=\"container\" data-e-type=\"container\">\n\t\t\t\t\t<div class=\"e-con-inner\">\n\t\t\t\t<div class=\"elementor-element elementor-element-5a4d447 obs-title-span elementor-widget elementor-widget-heading\" data-id=\"5a4d447\" data-element_type=\"widget\" data-e-type=\"widget\" data-widget_type=\"heading.default\">\n\t\t\t\t<div class=\"elementor-widget-container\">\n\t\t\t\t\t<h1 class=\"elementor-heading-title elementor-size-default\">Summary of the 2023 edition<\/h1>\t\t\t\t<\/div>\n\t\t\t\t<\/div>\n\t\t\t\t<div class=\"elementor-element elementor-element-aca6b7e elementor-widget elementor-widget-theme-post-content\" data-id=\"aca6b7e\" data-element_type=\"widget\" data-e-type=\"widget\" data-widget_type=\"theme-post-content.default\">\n\t\t\t\t<div class=\"elementor-widget-container\">\n\t\t\t\t\t<p>La VII edici\u00f3n del congreso internacional GOinterHUB ha reunido en Ferrol a m\u00e1s de 400 representantes empresariales y organizaciones l\u00edderes de la energ\u00eda e\u00f3lica marina, para poner en valor las capacidades log\u00edsticas y la cooperaci\u00f3n empresarial en este \u00e1mbito en auge a nivel internacional. M\u00e1s de 30 ponentes de empresas punteras, instituciones, asociaciones internacionales e inversores han debatido estos d\u00edas sobre el potencial de la e\u00f3lica marina a nivel nacional e internacional, destacando la cadena de valor local y las oportunidades de colaboraci\u00f3n en esta industria renovable en auge. El evento cont\u00f3 con el patrocinio platino de Iberdrola, Santander e Industrias Ferri.  <\/p>\n<p><iframe title=\"VI GOinterHUB | Resumen\" width=\"1200\" height=\"675\" src=\"https:\/\/www.youtube.com\/embed\/fGkTegLeSOU?feature=oembed\" frameborder=\"0\" allow=\"accelerometer; autoplay; clipboard-write; encrypted-media; gyroscope; picture-in-picture; web-share\" referrerpolicy=\"strict-origin-when-cross-origin\" allowfullscreen><\/iframe><\/p>\n\t\t\t\t<\/div>\n\t\t\t\t<\/div>\n\t\t\t\t<div class=\"elementor-element elementor-element-1cb0164 elementor-widget elementor-widget-button\" data-id=\"1cb0164\" data-element_type=\"widget\" data-e-type=\"widget\" data-widget_type=\"button.default\">\n\t\t\t\t<div class=\"elementor-widget-container\">\n\t\t\t\t\t\t\t\t\t<div class=\"elementor-button-wrapper\">\n\t\t\t\t\t<a class=\"elementor-button elementor-button-link elementor-size-sm\" href=\"https:\/\/galicianoffshoreinterhub.com\/en\/previous-edition\/summary-of-the-2023-edition\/\">\n\t\t\t\t\t\t<span class=\"elementor-button-content-wrapper\">\n\t\t\t\t\t\t\t\t\t<span class=\"elementor-button-text\">See full summary<\/span>\n\t\t\t\t\t<\/span>\n\t\t\t\t\t<\/a>\n\t\t\t\t<\/div>\n\t\t\t\t\t\t\t\t<\/div>\n\t\t\t\t<\/div>\n\t\t<a class=\"elementor-element elementor-element-f842753 e-con-full e-flex e-con e-child\" data-id=\"f842753\" data-element_type=\"container\" data-e-type=\"container\" data-settings=\"{&quot;position&quot;:&quot;absolute&quot;}\" href=\"https:\/\/galicianoffshoreinterhub.com\/en\/previous-edition\/summary-of-the-2023-edition\/\">\n\t\t\t\t<\/a>\n\t\t\t\t\t<\/div>\n\t\t\t\t<\/div>\n\t\t\t\t<\/div>\n\t\t\t\t<div data-elementor-type=\"loop-item\" data-elementor-id=\"1861\" class=\"elementor elementor-1861 elementor-1557 elementor-1557 e-loop-item e-loop-item-4080 post-4080 previous-edition type-previous-edition status-publish hentry edition-98\" data-elementor-post-type=\"elementor_library\" data-custom-edit-handle=\"1\">\n\t\t\t<div class=\"elementor-element elementor-element-21943f1 e-flex e-con-boxed e-con e-parent\" data-id=\"21943f1\" data-element_type=\"container\" data-e-type=\"container\">\n\t\t\t\t\t<div class=\"e-con-inner\">\n\t\t\t\t<div class=\"elementor-element elementor-element-5a4d447 obs-title-span elementor-widget elementor-widget-heading\" data-id=\"5a4d447\" data-element_type=\"widget\" data-e-type=\"widget\" data-widget_type=\"heading.default\">\n\t\t\t\t<div class=\"elementor-widget-container\">\n\t\t\t\t\t<h1 class=\"elementor-heading-title elementor-size-default\">Summary of the 2021 edition<\/h1>\t\t\t\t<\/div>\n\t\t\t\t<\/div>\n\t\t\t\t<div class=\"elementor-element elementor-element-aca6b7e elementor-widget elementor-widget-theme-post-content\" data-id=\"aca6b7e\" data-element_type=\"widget\" data-e-type=\"widget\" data-widget_type=\"theme-post-content.default\">\n\t\t\t\t<div class=\"elementor-widget-container\">\n\t\t\t\t\t<p>Once again, the fifth edition of the GOinterHUB international conference brought together business leaders, technical experts and representatives of organisations linked to offshore wind power in Ferrol to highlight the logistical capabilities of north-western Spain and business cooperation. More than 20 speakers from leading companies, institutions, international associations and investors discussed the potential of offshore wind power at an international level and the current challenges for its promotion and implementation. <\/p>\n<p><iframe title=\"V GOinterHUB | Resumen\" width=\"1200\" height=\"675\" src=\"https:\/\/www.youtube.com\/embed\/lCSGGbJI0qU?feature=oembed\" frameborder=\"0\" allow=\"accelerometer; autoplay; clipboard-write; encrypted-media; gyroscope; picture-in-picture; web-share\" referrerpolicy=\"strict-origin-when-cross-origin\" allowfullscreen><\/iframe><\/p>\n\t\t\t\t<\/div>\n\t\t\t\t<\/div>\n\t\t\t\t<div class=\"elementor-element elementor-element-1cb0164 elementor-widget elementor-widget-button\" data-id=\"1cb0164\" data-element_type=\"widget\" data-e-type=\"widget\" data-widget_type=\"button.default\">\n\t\t\t\t<div class=\"elementor-widget-container\">\n\t\t\t\t\t\t\t\t\t<div class=\"elementor-button-wrapper\">\n\t\t\t\t\t<a class=\"elementor-button elementor-button-link elementor-size-sm\" href=\"https:\/\/galicianoffshoreinterhub.com\/en\/previous-edition\/summary-of-the-2021-edition\/\">\n\t\t\t\t\t\t<span class=\"elementor-button-content-wrapper\">\n\t\t\t\t\t\t\t\t\t<span class=\"elementor-button-text\">See full summary<\/span>\n\t\t\t\t\t<\/span>\n\t\t\t\t\t<\/a>\n\t\t\t\t<\/div>\n\t\t\t\t\t\t\t\t<\/div>\n\t\t\t\t<\/div>\n\t\t<a class=\"elementor-element elementor-element-f842753 e-con-full e-flex e-con e-child\" data-id=\"f842753\" data-element_type=\"container\" data-e-type=\"container\" data-settings=\"{&quot;position&quot;:&quot;absolute&quot;}\" href=\"https:\/\/galicianoffshoreinterhub.com\/en\/previous-edition\/summary-of-the-2021-edition\/\">\n\t\t\t\t<\/a>\n\t\t\t\t\t<\/div>\n\t\t\t\t<\/div>\n\t\t\t\t<\/div>\n\t\t\t\t<div data-elementor-type=\"loop-item\" data-elementor-id=\"1861\" class=\"elementor elementor-1861 elementor-1557 elementor-1557 e-loop-item e-loop-item-4079 post-4079 previous-edition type-previous-edition status-publish hentry edition-97\" data-elementor-post-type=\"elementor_library\" data-custom-edit-handle=\"1\">\n\t\t\t<div class=\"elementor-element elementor-element-21943f1 e-flex e-con-boxed e-con e-parent\" data-id=\"21943f1\" data-element_type=\"container\" data-e-type=\"container\">\n\t\t\t\t\t<div class=\"e-con-inner\">\n\t\t\t\t<div class=\"elementor-element elementor-element-5a4d447 obs-title-span elementor-widget elementor-widget-heading\" data-id=\"5a4d447\" data-element_type=\"widget\" data-e-type=\"widget\" data-widget_type=\"heading.default\">\n\t\t\t\t<div class=\"elementor-widget-container\">\n\t\t\t\t\t<h1 class=\"elementor-heading-title elementor-size-default\">Summary of the 2019 edition<\/h1>\t\t\t\t<\/div>\n\t\t\t\t<\/div>\n\t\t\t\t<div class=\"elementor-element elementor-element-aca6b7e elementor-widget elementor-widget-theme-post-content\" data-id=\"aca6b7e\" data-element_type=\"widget\" data-e-type=\"widget\" data-widget_type=\"theme-post-content.default\">\n\t\t\t\t<div class=\"elementor-widget-container\">\n\t\t\t\t\t<p>The<strong> IV Galician Offshore International Hub<\/strong> was attended by more than 300 international professionals and Galician, Spanish and European companies. Attendees were able to visit the Navantia facilities and participate in presentations given by various national and international experts. It should be noted that this event highlights the capabilities of Galician industry in general, but especially those of Ferrol and its surrounding area in everything related to offshore wind energy, which is essential for the energy transition. The closing ceremony was attended by the Regional Minister of Economy, Employment and Industry of the Xunta de Galicia, Francisco Conde, who positioned Galicia as \u2018an international benchmark in the field of offshore wind energy.\u2019 The ceremony was opened by the Mayor of Ferrol, \u00c1ngel Mato, who stated that GoInterhub \u2018positions the city of Ferrol as a benchmark for offshore wind energy.\u2019    <\/p>\n<p><iframe title=\"IV GALICIAN OFFSHORE INTERNATIONAL HUB 2019\" width=\"1200\" height=\"675\" src=\"https:\/\/www.youtube.com\/embed\/5mAKKcsHfdU?feature=oembed\" frameborder=\"0\" allow=\"accelerometer; autoplay; clipboard-write; encrypted-media; gyroscope; picture-in-picture; web-share\" referrerpolicy=\"strict-origin-when-cross-origin\" allowfullscreen><\/iframe><\/p>\n\t\t\t\t<\/div>\n\t\t\t\t<\/div>\n\t\t\t\t<div class=\"elementor-element elementor-element-1cb0164 elementor-widget elementor-widget-button\" data-id=\"1cb0164\" data-element_type=\"widget\" data-e-type=\"widget\" data-widget_type=\"button.default\">\n\t\t\t\t<div class=\"elementor-widget-container\">\n\t\t\t\t\t\t\t\t\t<div class=\"elementor-button-wrapper\">\n\t\t\t\t\t<a class=\"elementor-button elementor-button-link elementor-size-sm\" href=\"https:\/\/galicianoffshoreinterhub.com\/en\/previous-edition\/summary-of-the-2019-edition\/\">\n\t\t\t\t\t\t<span class=\"elementor-button-content-wrapper\">\n\t\t\t\t\t\t\t\t\t<span class=\"elementor-button-text\">See full summary<\/span>\n\t\t\t\t\t<\/span>\n\t\t\t\t\t<\/a>\n\t\t\t\t<\/div>\n\t\t\t\t\t\t\t\t<\/div>\n\t\t\t\t<\/div>\n\t\t<a class=\"elementor-element elementor-element-f842753 e-con-full e-flex e-con e-child\" data-id=\"f842753\" data-element_type=\"container\" data-e-type=\"container\" data-settings=\"{&quot;position&quot;:&quot;absolute&quot;}\" href=\"https:\/\/galicianoffshoreinterhub.com\/en\/previous-edition\/summary-of-the-2019-edition\/\">\n\t\t\t\t<\/a>\n\t\t\t\t\t<\/div>\n\t\t\t\t<\/div>\n\t\t\t\t<\/div>\n\t\t\t\t<\/div>\n\t\t\n\t\t\t\t\t\t<\/div>\n\t\t\t\t<\/div>\n\t\t\t\t\t<\/div>\n\t\t\t\t<\/div>\n\t\t\t\t\t<\/div>\n\t\t\t\t<\/div>\n\t\t\t\t<\/div>\n\t\t","protected":false},"excerpt":{"rendered":"<p>Previous editions<\/p>\n","protected":false},"author":7,"featured_media":0,"parent":0,"menu_order":0,"comment_status":"closed","ping_status":"closed","template":"elementor_header_footer","meta":{"inline_featured_image":false,"footnotes":""},"class_list":["post-5785","page","type-page","status-publish","hentry"],"acf":[],"_links":{"self":[{"href":"https:\/\/galicianoffshoreinterhub.com\/en\/wp-json\/wp\/v2\/pages\/5785","targetHints":{"allow":["GET"]}}],"collection":[{"href":"https:\/\/galicianoffshoreinterhub.com\/en\/wp-json\/wp\/v2\/pages"}],"about":[{"href":"https:\/\/galicianoffshoreinterhub.com\/en\/wp-json\/wp\/v2\/types\/page"}],"author":[{"embeddable":true,"href":"https:\/\/galicianoffshoreinterhub.com\/en\/wp-json\/wp\/v2\/users\/7"}],"replies":[{"embeddable":true,"href":"https:\/\/galicianoffshoreinterhub.com\/en\/wp-json\/wp\/v2\/comments?post=5785"}],"version-history":[{"count":3,"href":"https:\/\/galicianoffshoreinterhub.com\/en\/wp-json\/wp\/v2\/pages\/5785\/revisions"}],"predecessor-version":[{"id":5876,"href":"https:\/\/galicianoffshoreinterhub.com\/en\/wp-json\/wp\/v2\/pages\/5785\/revisions\/5876"}],"wp:attachment":[{"href":"https:\/\/galicianoffshoreinterhub.com\/en\/wp-json\/wp\/v2\/media?parent=5785"}],"curies":[{"name":"wp","href":"https:\/\/api.w.org\/{rel}","templated":true}]}}