{"id":5773,"date":"2026-03-12T09:52:28","date_gmt":"2026-03-12T08:52:28","guid":{"rendered":"http:\/\/galicianoffshoreinterhub.com\/ferrol\/where-to-stay\/"},"modified":"2026-03-25T11:12:15","modified_gmt":"2026-03-25T10:12:15","slug":"where-to-stay","status":"publish","type":"page","link":"https:\/\/galicianoffshoreinterhub.com\/en\/ferrol\/where-to-stay\/","title":{"rendered":"Where to stay"},"content":{"rendered":"\t\t<div data-elementor-type=\"wp-page\" data-elementor-id=\"5773\" class=\"elementor elementor-5773 elementor-4478\" data-elementor-post-type=\"page\">\n\t\t\t\t<div class=\"elementor-element elementor-element-c916ac1 e-flex e-con-boxed e-con e-parent\" data-id=\"c916ac1\" data-element_type=\"container\" data-e-type=\"container\" data-settings=\"{&quot;background_background&quot;:&quot;classic&quot;,&quot;background_motion_fx_motion_fx_scrolling&quot;:&quot;yes&quot;,&quot;background_motion_fx_translateY_effect&quot;:&quot;yes&quot;,&quot;background_motion_fx_translateY_speed&quot;:{&quot;unit&quot;:&quot;px&quot;,&quot;size&quot;:4,&quot;sizes&quot;:[]},&quot;background_motion_fx_translateY_affectedRange&quot;:{&quot;unit&quot;:&quot;%&quot;,&quot;size&quot;:&quot;&quot;,&quot;sizes&quot;:{&quot;start&quot;:0,&quot;end&quot;:100}},&quot;background_motion_fx_devices&quot;:[&quot;desktop&quot;,&quot;laptop&quot;,&quot;tablet&quot;,&quot;mobile&quot;]}\">\n\t\t\t\t\t<div class=\"e-con-inner\">\n\t\t<div class=\"elementor-element elementor-element-9d432e7 e-con-full e-flex e-con e-child\" data-id=\"9d432e7\" data-element_type=\"container\" data-e-type=\"container\">\n\t\t\t\t<div class=\"elementor-element elementor-element-92cb206 elementor-widget elementor-widget-heading\" data-id=\"92cb206\" data-element_type=\"widget\" data-e-type=\"widget\" data-widget_type=\"heading.default\">\n\t\t\t\t<div class=\"elementor-widget-container\">\n\t\t\t\t\t<h1 class=\"elementor-heading-title elementor-size-default\">Ferrol \u2013 Where to stay?<\/h1>\t\t\t\t<\/div>\n\t\t\t\t<\/div>\n\t\t\t\t<\/div>\n\t\t\t\t\t<\/div>\n\t\t\t\t<\/div>\n\t\t<div class=\"elementor-element elementor-element-23b997f e-flex e-con-boxed e-con e-parent\" data-id=\"23b997f\" data-element_type=\"container\" data-e-type=\"container\">\n\t\t\t\t\t<div class=\"e-con-inner\">\n\t\t\t\t<div class=\"elementor-element elementor-element-01e2f96 obs-title-span elementor-widget elementor-widget-heading\" data-id=\"01e2f96\" data-element_type=\"widget\" data-e-type=\"widget\" data-widget_type=\"heading.default\">\n\t\t\t\t<div class=\"elementor-widget-container\">\n\t\t\t\t\t<h1 class=\"elementor-heading-title elementor-size-default\">Where to stay?<\/h1>\t\t\t\t<\/div>\n\t\t\t\t<\/div>\n\t\t\t\t<div class=\"elementor-element elementor-element-25fa430 elementor-widget elementor-widget-text-editor\" data-id=\"25fa430\" data-element_type=\"widget\" data-e-type=\"widget\" data-widget_type=\"text-editor.default\">\n\t\t\t\t<div class=\"elementor-widget-container\">\n\t\t\t\t\t\t\t\t\t<div class=\"row\"><div class=\"col-sm-12\"><p>By registering for this edition of GOInternationalHUB, you\u2019ll gain access to special offers at selected hotels in the area. When booking a room at one of these hotels, please mention that you\u2019re attending the event. <\/p><\/div><\/div>\t\t\t\t\t\t\t\t<\/div>\n\t\t\t\t<\/div>\n\t\t<div class=\"elementor-element elementor-element-f106881 e-con-full e-flex e-con e-child\" data-id=\"f106881\" data-element_type=\"container\" data-e-type=\"container\">\n\t\t<div class=\"elementor-element elementor-element-6070890 e-con-full e-flex e-con e-child\" data-id=\"6070890\" data-element_type=\"container\" data-e-type=\"container\">\n\t\t\t\t<div class=\"elementor-element elementor-element-8e6c420 obs-title-span elementor-widget elementor-widget-heading\" data-id=\"8e6c420\" data-element_type=\"widget\" data-e-type=\"widget\" data-widget_type=\"heading.default\">\n\t\t\t\t<div class=\"elementor-widget-container\">\n\t\t\t\t\t<h1 class=\"elementor-heading-title elementor-size-default\">HOTEL SPA ODEON<\/h1>\t\t\t\t<\/div>\n\t\t\t\t<\/div>\n\t\t\t\t<div class=\"elementor-element elementor-element-b0621cf elementor-widget elementor-widget-text-editor\" data-id=\"b0621cf\" data-element_type=\"widget\" data-e-type=\"widget\" data-widget_type=\"text-editor.default\">\n\t\t\t\t<div class=\"elementor-widget-container\">\n\t\t\t\t\t\t\t\t\t<div class=\"row\"><div class=\"col-sm-12\"><p><span lang=\"de-AT\"><strong>Web<\/strong>: <\/span><strong><span style=\"color: #467886;\"><a href=\"http:\/\/www.hotelodeonferrol.com\/\" target=\"_blank\" rel=\"noopener\"><span lang=\"de-AT\">www.hotelodeonferrol.com<\/span><\/a><\/span><\/strong><\/p><p><strong>Email to make the reservation<\/strong>: <strong><span style=\"color: #467886;\"><a href=\"mailto:reservas@hotelodeonferrol.com\">reservas@hotelodeonferrol.com<\/a><\/span><\/strong><\/p><p><strong>Tlf<\/strong>: 981 372 951<\/p><p><strong>Address<\/strong>: Rua Catalu\u00f1a, 20. 15570 Nar\u00f3n A Coru\u00f1a Espa\u00f1a <\/p><p><strong>Special rate for the GOinterHUB Congress<\/strong><\/p><ul><li><p>Single room: \u20ac90\/night including breakfast and VAT<\/p><\/li><li><p>Double room: \u20ac100\/night including breakfast and VAT<\/p><\/li><\/ul><p><i>Identification Code:<\/i> <i><b>GOinterHUB<\/b><\/i><\/p><\/div><\/div>\t\t\t\t\t\t\t\t<\/div>\n\t\t\t\t<\/div>\n\t\t\t\t<\/div>\n\t\t<div class=\"elementor-element elementor-element-2efd5a4 e-con-full e-flex e-con e-child\" data-id=\"2efd5a4\" data-element_type=\"container\" data-e-type=\"container\">\n\t\t\t\t<div class=\"elementor-element elementor-element-41fec87 obs-title-span elementor-widget elementor-widget-heading\" data-id=\"41fec87\" data-element_type=\"widget\" data-e-type=\"widget\" data-widget_type=\"heading.default\">\n\t\t\t\t<div class=\"elementor-widget-container\">\n\t\t\t\t\t<h1 class=\"elementor-heading-title elementor-size-default\">HOTEL ALMIRANTE\n<\/h1>\t\t\t\t<\/div>\n\t\t\t\t<\/div>\n\t\t\t\t<div class=\"elementor-element elementor-element-0ef5ebf elementor-widget elementor-widget-text-editor\" data-id=\"0ef5ebf\" data-element_type=\"widget\" data-e-type=\"widget\" data-widget_type=\"text-editor.default\">\n\t\t\t\t<div class=\"elementor-widget-container\">\n\t\t\t\t\t\t\t\t\t<div class=\"row\"><div class=\"col-sm-12\"><p><strong>Web<\/strong>: <strong><span style=\"color: #467886;\"><a href=\"http:\/\/www.hotel-almirante.com\/\" target=\"_blank\" rel=\"noopener\">www.hotel-almirante.com<\/a><\/span><\/strong><\/p><p><strong>Email to make the reservation<\/strong>: <strong><span style=\"color: #467886;\"><a href=\"mailto:reservas@almirante.es\">reservas@almirante.es<\/a><\/span><\/strong><\/p><p>Tlf: 981 333 073<\/p><p><strong>Address<\/strong>: C. de Mar\u00eda, 2. 15402, Ferrol, A Coru\u00f1a, Espa\u00f1a <\/p><p><strong>Special rate for the GOinterHUB Congress<\/strong><\/p><ul><li><p>Habitaci\u00f3n uso individual: 90\u20ac\/noche con desayuno e IVA incluido<\/p><\/li><li><p>Double room: \u20ac100\/night including breakfast and VAT<\/p><\/li><\/ul><p>We will require a credit card at the time of booking. Full payment will be charged 5 days prior to the event. <i>To apply these special rates, please quote the reference <strong>GOinterHUB8<\/strong>.<\/i><\/p><\/div><\/div>\t\t\t\t\t\t\t\t<\/div>\n\t\t\t\t<\/div>\n\t\t\t\t<\/div>\n\t\t\t\t<\/div>\n\t\t<div class=\"elementor-element elementor-element-adc7dfc e-con-full e-flex e-con e-child\" data-id=\"adc7dfc\" data-element_type=\"container\" data-e-type=\"container\">\n\t\t<div class=\"elementor-element elementor-element-14702fd e-con-full e-flex e-con e-child\" data-id=\"14702fd\" data-element_type=\"container\" data-e-type=\"container\">\n\t\t\t\t<div class=\"elementor-element elementor-element-73418cc obs-title-span elementor-widget elementor-widget-heading\" data-id=\"73418cc\" data-element_type=\"widget\" data-e-type=\"widget\" data-widget_type=\"heading.default\">\n\t\t\t\t<div class=\"elementor-widget-container\">\n\t\t\t\t\t<h1 class=\"elementor-heading-title elementor-size-default\">GRAN HOTEL DE FERROL<\/h1>\t\t\t\t<\/div>\n\t\t\t\t<\/div>\n\t\t\t\t<div class=\"elementor-element elementor-element-6593d40 elementor-widget elementor-widget-text-editor\" data-id=\"6593d40\" data-element_type=\"widget\" data-e-type=\"widget\" data-widget_type=\"text-editor.default\">\n\t\t\t\t<div class=\"elementor-widget-container\">\n\t\t\t\t\t\t\t\t\t<div class=\"row\"><div class=\"col-sm-12\"><p><strong>Web<\/strong>: <strong><span style=\"color: #467886;\"><a href=\"https:\/\/paradores.es\/es\/parador-de-ferrol?utm_source=GoogleMyBusiness&amp;utm_medium=linkgoogle&amp;utm_campaign=paradordeferrol&amp;utm_term=organico&amp;utm_content=ficha\" target=\"_blank\" rel=\"noopener\">www.granhoteldeferrol.com<\/a><\/span><\/strong><\/p><p><strong>Email to make the reservation<\/strong>: <strong><span style=\"color: #467886;\"><a href=\"mailto:reservas@granhoteldeferrol.com\">reservas@granhoteldeferrol.com<\/a><\/span><\/strong> or through the website where that 15% discount will be applied-<\/p><p><strong>Tlf<\/strong>: 981 330 226<\/p><p><strong>Address<\/strong>: R\u00faa Carretera de Castilla, 75 15403 Ferrol (A Coru\u00f1a).<\/p><ul><li><p>Promotional code with a 15% discount code: <strong>GOinterHUB2026<\/strong><\/p><\/li><\/ul><\/div><\/div>\t\t\t\t\t\t\t\t<\/div>\n\t\t\t\t<\/div>\n\t\t\t\t<\/div>\n\t\t<div class=\"elementor-element elementor-element-65368ce e-con-full e-flex e-con e-child\" data-id=\"65368ce\" data-element_type=\"container\" data-e-type=\"container\">\n\t\t\t\t<div class=\"elementor-element elementor-element-c9b4bf6 obs-title-span elementor-widget elementor-widget-heading\" data-id=\"c9b4bf6\" data-element_type=\"widget\" data-e-type=\"widget\" data-widget_type=\"heading.default\">\n\t\t\t\t<div class=\"elementor-widget-container\">\n\t\t\t\t\t<h1 class=\"elementor-heading-title elementor-size-default\">PARADOR DE FERROL<\/h1>\t\t\t\t<\/div>\n\t\t\t\t<\/div>\n\t\t\t\t<div class=\"elementor-element elementor-element-514ddfd elementor-widget elementor-widget-text-editor\" data-id=\"514ddfd\" data-element_type=\"widget\" data-e-type=\"widget\" data-widget_type=\"text-editor.default\">\n\t\t\t\t<div class=\"elementor-widget-container\">\n\t\t\t\t\t\t\t\t\t<div class=\"row\"><div class=\"col-sm-12\"><p><strong>Web<\/strong>: <strong><span style=\"color: #467886;\"><a href=\"https:\/\/paradores.es\/es\/parador-de-ferrol?utm_source=GoogleMyBusiness&amp;utm_medium=linkgoogle&amp;utm_campaign=paradordeferrol&amp;utm_term=organico&amp;utm_content=ficha\" target=\"_blank\" rel=\"noopener\">www.paradores.es\/es<\/a><\/span><\/strong><\/p><p><strong>Email to make the reservation<\/strong>: <strong><span style=\"color: #467886;\"><a href=\"mailto:Ferrol@parador.es\">Ferrol@parador.es<\/a><\/span><\/strong><\/p><p><strong>Tlf<\/strong>: 981 356 720<\/p><p><strong>Address<\/strong>: Plaza Contralmirante Azarola Gresillon, S\/N, 15401 Ferrol (A Coru\u00f1a).<\/p><ul><li><b>10\/6<\/b> Single room: \u20ac118.16\/night including breakfast and VAT<\/li><li><b>11\/6 <\/b>Single room: \u20ac109.66\/night including breakfast and VAT<\/li><\/ul><p><i>Se pedir\u00e1 como garant\u00eda una tarjeta de cr\u00e9dito y su fecha de caducidad, y la cancelaci\u00f3n podr\u00e1 hacerse sin coste hasta 5 d\u00edas antes de las 00:00h del d\u00eda de llegada.<\/i><\/p><\/div><\/div>\t\t\t\t\t\t\t\t<\/div>\n\t\t\t\t<\/div>\n\t\t\t\t<\/div>\n\t\t\t\t<\/div>\n\t\t\t\t\t<\/div>\n\t\t\t\t<\/div>\n\t\t\t\t<\/div>\n\t\t","protected":false},"excerpt":{"rendered":"<p>Ferrol \u2013 Where to stay? Where to stay? By registering for this edition of GOInternationalHUB, you\u2019ll gain access to special offers at selected hotels in the area. When booking a room at one of these hotels, please mention that you\u2019re attending the event. HOTEL SPA ODEON Web: www.hotelodeonferrol.com Email to make the reservation: reservas@hotelodeonferrol.com Tlf: &#8230; <a title=\"Where to stay\" class=\"read-more\" href=\"https:\/\/galicianoffshoreinterhub.com\/en\/ferrol\/where-to-stay\/\" aria-label=\"Read more about Where to stay\">Read more<\/a><\/p>\n","protected":false},"author":7,"featured_media":0,"parent":5771,"menu_order":0,"comment_status":"closed","ping_status":"closed","template":"elementor_header_footer","meta":{"inline_featured_image":false,"footnotes":""},"class_list":["post-5773","page","type-page","status-publish"],"acf":[],"_links":{"self":[{"href":"https:\/\/galicianoffshoreinterhub.com\/en\/wp-json\/wp\/v2\/pages\/5773","targetHints":{"allow":["GET"]}}],"collection":[{"href":"https:\/\/galicianoffshoreinterhub.com\/en\/wp-json\/wp\/v2\/pages"}],"about":[{"href":"https:\/\/galicianoffshoreinterhub.com\/en\/wp-json\/wp\/v2\/types\/page"}],"author":[{"embeddable":true,"href":"https:\/\/galicianoffshoreinterhub.com\/en\/wp-json\/wp\/v2\/users\/7"}],"replies":[{"embeddable":true,"href":"https:\/\/galicianoffshoreinterhub.com\/en\/wp-json\/wp\/v2\/comments?post=5773"}],"version-history":[{"count":4,"href":"https:\/\/galicianoffshoreinterhub.com\/en\/wp-json\/wp\/v2\/pages\/5773\/revisions"}],"predecessor-version":[{"id":6073,"href":"https:\/\/galicianoffshoreinterhub.com\/en\/wp-json\/wp\/v2\/pages\/5773\/revisions\/6073"}],"up":[{"embeddable":true,"href":"https:\/\/galicianoffshoreinterhub.com\/en\/wp-json\/wp\/v2\/pages\/5771"}],"wp:attachment":[{"href":"https:\/\/galicianoffshoreinterhub.com\/en\/wp-json\/wp\/v2\/media?parent=5773"}],"curies":[{"name":"wp","href":"https:\/\/api.w.org\/{rel}","templated":true}]}}